{"id":2046,"date":"2016-04-05T12:36:39","date_gmt":"2016-04-05T10:36:39","guid":{"rendered":"http:\/\/www.ufsitalia.com\/es\/?page_id=2046"},"modified":"2016-04-14T15:27:26","modified_gmt":"2016-04-14T13:27:26","slug":"proyectos","status":"publish","type":"page","link":"https:\/\/www.ufsitalia.com\/es\/proyectos\/","title":{"rendered":"Proyectos"},"content":{"rendered":"<p>[vc_row][vc_column][vc_column_text]<\/p>\n<p><strong>Unitrans Freight Systems<\/strong> dedica mucha atenci\u00f3n en el sector \u201cProject\u201d ofreciendo soluciones funcionales y eficaces a sus clientes, garantizando la mayor fiabilidad posible.<\/p>\n<p>Gracias a su personal cualificado y los t\u00e9cnicos de este ambito, es posible solucionar los problemas de transporte de carga excepcional que necesiten de veh\u00edculos especiales para transporte y elevaci\u00f3n de mercanc\u00edas, siempre supervisado por ns survejor.<\/p>\n<p>Los espacios usados para las operaciones almacenamiento y elevaci\u00f3n de mercanc\u00edas especiales est\u00e1n controladas 24 horas al dia con c\u00e1maras digitales y son aseguradas contra todos tipos de riesgos.<\/p>\n<p>[\/vc_column_text][\/vc_column][\/vc_row][vc_row][vc_column width=&#8221;1\/3&#8243;][vc_single_image image=&#8221;1754&#8243; img_size=&#8221;large&#8221; onclick=&#8221;link_image&#8221; zoom_on_hover=&#8221;yes&#8221;][\/vc_column][vc_column width=&#8221;1\/3&#8243;][vc_single_image image=&#8221;1757&#8243; img_size=&#8221;large&#8221; onclick=&#8221;link_image&#8221; zoom_on_hover=&#8221;yes&#8221;][\/vc_column][vc_column width=&#8221;1\/3&#8243;][vc_single_image image=&#8221;1763&#8243; img_size=&#8221;large&#8221; onclick=&#8221;link_image&#8221; zoom_on_hover=&#8221;yes&#8221;][\/vc_column][\/vc_row][vc_row][vc_column width=&#8221;1\/3&#8243;][vc_single_image image=&#8221;1766&#8243; img_size=&#8221;large&#8221; onclick=&#8221;link_image&#8221; zoom_on_hover=&#8221;yes&#8221;][\/vc_column][vc_column width=&#8221;1\/3&#8243;][vc_single_image image=&#8221;1769&#8243; img_size=&#8221;large&#8221; onclick=&#8221;link_image&#8221; zoom_on_hover=&#8221;yes&#8221;][\/vc_column][vc_column width=&#8221;1\/3&#8243;][vc_single_image image=&#8221;1772&#8243; img_size=&#8221;large&#8221; onclick=&#8221;link_image&#8221; zoom_on_hover=&#8221;yes&#8221;][\/vc_column][\/vc_row][vc_row][vc_column width=&#8221;1\/3&#8243;][vc_single_image image=&#8221;2158&#8243; img_size=&#8221;large&#8221; onclick=&#8221;link_image&#8221; zoom_on_hover=&#8221;yes&#8221;][\/vc_column][vc_column width=&#8221;1\/3&#8243;][vc_single_image image=&#8221;2161&#8243; img_size=&#8221;large&#8221; onclick=&#8221;link_image&#8221; zoom_on_hover=&#8221;yes&#8221;][\/vc_column][vc_column width=&#8221;1\/3&#8243;][vc_single_image image=&#8221;2164&#8243; img_size=&#8221;large&#8221; onclick=&#8221;link_image&#8221; zoom_on_hover=&#8221;yes&#8221;][\/vc_column][\/vc_row][vc_row][vc_column width=&#8221;1\/3&#8243;][vc_single_image image=&#8221;2167&#8243; img_size=&#8221;large&#8221; onclick=&#8221;link_image&#8221; zoom_on_hover=&#8221;yes&#8221;][\/vc_column][vc_column width=&#8221;1\/3&#8243;][\/vc_column][vc_column width=&#8221;1\/3&#8243;][\/vc_column][\/vc_row][vc_row][vc_column][vc_text_separator title=&#8221;Descubre Nuestros Servicios&#8221;][\/vc_column][\/vc_row][vc_row][vc_column width=&#8221;1\/4&#8243;]<div id=\"tile-with-icon_icon158\" class=\"title-with-icon-wrapper rectangle xxlarge \" data-color=\"\"><div class=\"wpb_content_element title-with-icon clearfix margin-bottom-0 top-style\"><a href=\"http:\/\/www.ufsitalia.com\/es\/transporte-aereo\/\" target=\"_self\"><span  class=\"oic-flaticon1-airplane68 rectangle xxlarge \" ><\/span><\/a><h3 class=\"content-color\" style=\"\"><a href=\"http:\/\/www.ufsitalia.com\/es\/transporte-aereo\/\" target=\"_self\">Transporte Aereo<\/a><\/h3><\/div><div class=\"wpb_content_element top-cs title-with-icon-content xxlarge clearfix\" style=\"\">Servicio completo con apoyo logistico local<\/div><\/div>[\/vc_column][vc_column width=&#8221;1\/4&#8243;]<div id=\"tile-with-icon_icon652\" class=\"title-with-icon-wrapper rectangle xxlarge \" data-color=\"\"><div class=\"wpb_content_element title-with-icon clearfix margin-bottom-0 top-style\"><a href=\"http:\/\/www.ufsitalia.com\/es\/transporte-maritimo\/\" target=\"_self\"><span  class=\"oic-flaticon2-ship3 rectangle xxlarge \" ><\/span><\/a><h3 class=\"content-color\" style=\"\"><a href=\"http:\/\/www.ufsitalia.com\/es\/transporte-maritimo\/\" target=\"_self\">Transporte Mar\u00edtimo<\/a><\/h3><\/div><div class=\"wpb_content_element top-cs title-with-icon-content xxlarge clearfix\" style=\"\">Las mejores rutas para sus mercanc\u00edas, r\u00e1pidas y seguras<\/div><\/div>[\/vc_column][vc_column width=&#8221;1\/4&#8243;]<div id=\"tile-with-icon_icon3926\" class=\"title-with-icon-wrapper rectangle xxlarge \" data-color=\"\"><div class=\"wpb_content_element title-with-icon clearfix margin-bottom-0 top-style\"><a href=\"http:\/\/www.ufsitalia.com\/es\/transporte-terrestre\/\" target=\"_self\"><span  class=\"oic-flaticon1-delivery18 rectangle xxlarge \" ><\/span><\/a><h3 class=\"content-color\" style=\"\"><a href=\"http:\/\/www.ufsitalia.com\/es\/transporte-terrestre\/\" target=\"_self\">Transporte Terrestre<\/a><\/h3><\/div><div class=\"wpb_content_element top-cs title-with-icon-content xxlarge clearfix\" style=\"\">Entrega a domicilio para los mayores mercados europeos<\/div><\/div>[\/vc_column][vc_column width=&#8221;1\/4&#8243;]<div id=\"tile-with-icon_icon1489\" class=\"title-with-icon-wrapper rectangle xxlarge \" data-color=\"\"><div class=\"wpb_content_element title-with-icon clearfix margin-bottom-0 top-style\"><a href=\"http:\/\/www.ufsitalia.com\/es\/deposito\/\" target=\"_self\"><span  class=\"oic-flaticon1-logistics5 rectangle xxlarge \" ><\/span><\/a><h3 class=\"content-color\" style=\"\"><a href=\"http:\/\/www.ufsitalia.com\/es\/deposito\/\" target=\"_self\">Deposito<\/a><\/h3><\/div><div class=\"wpb_content_element top-cs title-with-icon-content xxlarge clearfix\" style=\"\">Supervisi\u00f3n y seguridad gracias a nuestra Logistica Global<\/div><\/div>[\/vc_column][\/vc_row][vc_row][vc_column][vc_empty_space height=&#8221;50px&#8221;][\/vc_column][\/vc_row]<\/p>\n","protected":false},"excerpt":{"rendered":"<p>[vc_row][vc_column][vc_column_text] Unitrans Freight Systems dedica mucha atenci\u00f3n en el sector \u201cProject\u201d ofreciendo soluciones funcionales y eficaces a sus clientes, garantizando la mayor fiabilidad posible. Gracias a su personal cualificado y [&hellip;]<\/p>\n","protected":false},"author":1,"featured_media":0,"parent":0,"menu_order":0,"comment_status":"closed","ping_status":"closed","template":"","meta":[],"_links":{"self":[{"href":"https:\/\/www.ufsitalia.com\/es\/wp-json\/wp\/v2\/pages\/2046"}],"collection":[{"href":"https:\/\/www.ufsitalia.com\/es\/wp-json\/wp\/v2\/pages"}],"about":[{"href":"https:\/\/www.ufsitalia.com\/es\/wp-json\/wp\/v2\/types\/page"}],"author":[{"embeddable":true,"href":"https:\/\/www.ufsitalia.com\/es\/wp-json\/wp\/v2\/users\/1"}],"replies":[{"embeddable":true,"href":"https:\/\/www.ufsitalia.com\/es\/wp-json\/wp\/v2\/comments?post=2046"}],"version-history":[{"count":4,"href":"https:\/\/www.ufsitalia.com\/es\/wp-json\/wp\/v2\/pages\/2046\/revisions"}],"predecessor-version":[{"id":2172,"href":"https:\/\/www.ufsitalia.com\/es\/wp-json\/wp\/v2\/pages\/2046\/revisions\/2172"}],"wp:attachment":[{"href":"https:\/\/www.ufsitalia.com\/es\/wp-json\/wp\/v2\/media?parent=2046"}],"curies":[{"name":"wp","href":"https:\/\/api.w.org\/{rel}","templated":true}]}}