{"id":2050,"date":"2016-04-05T13:05:39","date_gmt":"2016-04-05T11:05:39","guid":{"rendered":"http:\/\/www.ufsitalia.com\/es\/?page_id=2050"},"modified":"2016-04-14T15:59:10","modified_gmt":"2016-04-14T13:59:10","slug":"contactos","status":"publish","type":"page","link":"https:\/\/www.ufsitalia.com\/es\/contactos\/","title":{"rendered":"Contactos"},"content":{"rendered":"<p>[vc_row][vc_column width=&#8221;1\/4&#8243;][vc_column_text]<\/p>\n<h5>UFS\u00a0(SEDE)<\/h5>\n<p>Piazza 11 Maggio n 8<br \/>\n57100 Livorno Italy<br \/>\nTel: +39 0586 888336 Ric. aut.<br \/>\nEmail: <a href=\"mailto:info@unitranslivorno.it\">info@unitranslivorno.it<\/a>[\/vc_column_text][\/vc_column][vc_column width=&#8221;3\/4&#8243;][vc_column_text]<\/p>\n<h3><strong>Quieres otras informaciones sobre nuestros servicios?<\/strong><\/h3>\n<p><span style=\"font-size: 14pt;\">Contactenos y nos encatar\u00e1 de daros todo el apyo que necesitas.<br \/>\nPodeis llamarnos, escribirnos y rellenar el formulario abajo para enviarnos sus solicitudes, nuestro equipo os responder\u00e0 lo antes posible.<br \/>\nTrabajamo para garantizar fiabilidad y confianza a nuestros clientes <\/span>[\/vc_column_text][\/vc_column][\/vc_row][vc_row][vc_column][vc_column_text]<\/p>\n<h3><strong>Informaciones<\/strong><\/h3>\n<p>[\/vc_column_text][\/vc_column][\/vc_row][vc_row bg_parallax=&#8221;off&#8221; bg_video=&#8221;off&#8221; bottom_button=&#8221;off&#8221; css=&#8221;.vc_custom_1414955189376{margin-bottom: 0px !important;padding-bottom: 0px !important;}&#8221;][vc_column css=&#8221;.vc_custom_1416391600996{padding-top: 60px !important;}&#8221;]<div role=\"form\" class=\"wpcf7\" id=\"wpcf7-f2053-o1\" lang=\"it-IT\" dir=\"ltr\">\n<div class=\"screen-reader-response\"><p role=\"status\" aria-live=\"polite\" aria-atomic=\"true\"><\/p> <ul><\/ul><\/div>\n<form action=\"\/es\/wp-json\/wp\/v2\/pages\/2050#wpcf7-f2053-o1\" method=\"post\" class=\"wpcf7-form init\" novalidate=\"novalidate\" data-status=\"init\">\n<div style=\"display: none;\">\n<input type=\"hidden\" name=\"_wpcf7\" value=\"2053\" \/>\n<input type=\"hidden\" name=\"_wpcf7_version\" value=\"5.4\" \/>\n<input type=\"hidden\" name=\"_wpcf7_locale\" value=\"it_IT\" \/>\n<input type=\"hidden\" name=\"_wpcf7_unit_tag\" value=\"wpcf7-f2053-o1\" \/>\n<input type=\"hidden\" name=\"_wpcf7_container_post\" value=\"0\" \/>\n<input type=\"hidden\" name=\"_wpcf7_posted_data_hash\" value=\"\" \/>\n<\/div>\n<p>Tu nombre (necesario)<br \/>\n    <span class=\"wpcf7-form-control-wrap your-name\"><input type=\"text\" name=\"your-name\" value=\"\" size=\"40\" class=\"wpcf7-form-control wpcf7-text wpcf7-validates-as-required\" aria-required=\"true\" aria-invalid=\"false\" \/><\/span> <\/p>\n<p>Tu correo electr\u00f3nico (necesario)<br \/>\n    <span class=\"wpcf7-form-control-wrap your-email\"><input type=\"email\" name=\"your-email\" value=\"\" size=\"40\" class=\"wpcf7-form-control wpcf7-text wpcf7-email wpcf7-validates-as-required wpcf7-validates-as-email\" aria-required=\"true\" aria-invalid=\"false\" \/><\/span> <\/p>\n<p>Asunto<br \/>\n    <span class=\"wpcf7-form-control-wrap your-subject\"><input type=\"text\" name=\"your-subject\" value=\"\" size=\"40\" class=\"wpcf7-form-control wpcf7-text wpcf7-validates-as-required\" aria-required=\"true\" aria-invalid=\"false\" \/><\/span> <\/p>\n<p>Contenido<br \/>\n    <span class=\"wpcf7-form-control-wrap your-message\"><textarea name=\"your-message\" cols=\"40\" rows=\"10\" class=\"wpcf7-form-control wpcf7-textarea\" aria-invalid=\"false\"><\/textarea><\/span> <\/p>\n<p><span class=\"wpcf7-form-control-wrap acceptance-recruitment\"><span class=\"wpcf7-form-control wpcf7-acceptance\"><span class=\"wpcf7-list-item\"><label><input type=\"checkbox\" name=\"acceptance-recruitment\" value=\"1\" aria-invalid=\"false\" \/><span class=\"wpcf7-list-item-label\">Utilizamos cookies propias y de terceros para mejorar su experiencia seg\u00fan sus h\u00e1bitos de navegaci\u00f3n. Si contin\u00faa navegando, consideramos que acepta su uso. Encontrar\u00e1s m\u00e1s informaci\u00f3n en nuestra <a title=\"Privacy Policy\" href=\"http:\/\/www.ufsitalia.com\/policies\/privacy.php?locale=en\" target=\"_blanc\" data-fancybox-type=\"iframe\">Privacy Policy<\/a>.<\/span><\/label><\/span><\/span><\/span><\/p>\n<p><input type=\"submit\" value=\"Envia\" class=\"wpcf7-form-control wpcf7-submit\" \/><\/p>\n<div class=\"wpcf7-response-output\" aria-hidden=\"true\"><\/div><\/form><\/div>[\/vc_column][\/vc_row][vc_row row_fullwidth=&#8221;1&#8243; row_zero_column_space=&#8221;1&#8243; bg_parallax=&#8221;off&#8221; bg_video=&#8221;off&#8221; bottom_button=&#8221;off&#8221; css=&#8221;.vc_custom_1414955247539{margin-top: 0px !important;margin-right: 0px !important;margin-bottom: 0px !important;margin-left: 0px !important;padding-top: 0px !important;padding-right: 0px !important;padding-bottom: 0px !important;padding-left: 0px !important;}&#8221;][vc_column]<div class=\"ozy-google-map\" \n\t\t\tdata-address=\"P. Xi Maggio,livorno\" \n\t\t\tdata-zoom=\"15\" \n\t\t\tdata-hue=\"#007da3\" \n\t\t\tdata-saturation=\"-30\" \n\t\t\tdata-lightness=\"0\" \n\t\t\tdata-icon=\"\" style=\"height:600px\"><\/div>[\/vc_column][\/vc_row][vc_row full_width=&#8221;stretch_row_content&#8221; css=&#8221;.vc_custom_1460627253000{margin-top: 0px !important;margin-bottom: 0px !important;border-top-width: 0px !important;border-bottom-width: 0px !important;padding-top: 0px !important;padding-bottom: 0px !important;background-color: #171b26 !important;}&#8221;][vc_column width=&#8221;1\/6&#8243;]<span id=\"ozy_icon_6792\" class=\"ozy-icon contact-map wpb_content_element align-left xxlarge clean icon oic-flaticon4-world92 \" style=\";color:#ffffff;float:left\" ><\/span>[\/vc_column][vc_column width=&#8221;1\/6&#8243;]<span id=\"ozy_icon_1770\" class=\"ozy-icon contact-plane wpb_content_element align-left xxlarge clean icon oic-flaticon4-airplane79 \" style=\";color:#ffffff;float:left\" ><\/span>[\/vc_column][vc_column width=&#8221;1\/6&#8243;]<span id=\"ozy_icon_1099\" class=\"ozy-icon contact-ship wpb_content_element align-left xxlarge clean icon oic-flaticon4-cargo13 \" style=\";color:#ffffff;float:left\" ><\/span>[\/vc_column][vc_column width=&#8221;1\/6&#8243;]<span id=\"ozy_icon_5237\" class=\"ozy-icon contact-overland wpb_content_element align-left xxlarge clean icon oic-flaticon4-moving10 \" style=\";color:#ffffff;float:left\" ><\/span>[\/vc_column][vc_column width=&#8221;1\/6&#8243;]<span id=\"ozy_icon_6786\" class=\"ozy-icon contact-warehouse wpb_content_element align-left xxlarge clean icon oic-flaticon4-locked24 \" style=\";color:#ffffff;float:left\" ><\/span>[\/vc_column][vc_column width=&#8221;1\/6&#8243;]<span id=\"ozy_icon_1528\" class=\"ozy-icon contact-deliver wpb_content_element align-left xxlarge clean icon oic-flaticon4-delivery42 \" style=\";color:#ffffff;float:left\" ><\/span>[\/vc_column][\/vc_row]<\/p>\n","protected":false},"excerpt":{"rendered":"<p>[vc_row][vc_column width=&#8221;1\/4&#8243;][vc_column_text] UFS\u00a0(SEDE) Piazza 11 Maggio n 8 57100 Livorno Italy Tel: +39 0586 888336 Ric. aut. Email: info@unitranslivorno.it[\/vc_column_text][\/vc_column][vc_column width=&#8221;3\/4&#8243;][vc_column_text] Quieres otras informaciones sobre nuestros servicios? Contactenos y nos encatar\u00e1 [&hellip;]<\/p>\n","protected":false},"author":1,"featured_media":0,"parent":0,"menu_order":0,"comment_status":"open","ping_status":"open","template":"","meta":[],"_links":{"self":[{"href":"https:\/\/www.ufsitalia.com\/es\/wp-json\/wp\/v2\/pages\/2050"}],"collection":[{"href":"https:\/\/www.ufsitalia.com\/es\/wp-json\/wp\/v2\/pages"}],"about":[{"href":"https:\/\/www.ufsitalia.com\/es\/wp-json\/wp\/v2\/types\/page"}],"author":[{"embeddable":true,"href":"https:\/\/www.ufsitalia.com\/es\/wp-json\/wp\/v2\/users\/1"}],"replies":[{"embeddable":true,"href":"https:\/\/www.ufsitalia.com\/es\/wp-json\/wp\/v2\/comments?post=2050"}],"version-history":[{"count":12,"href":"https:\/\/www.ufsitalia.com\/es\/wp-json\/wp\/v2\/pages\/2050\/revisions"}],"predecessor-version":[{"id":2185,"href":"https:\/\/www.ufsitalia.com\/es\/wp-json\/wp\/v2\/pages\/2050\/revisions\/2185"}],"wp:attachment":[{"href":"https:\/\/www.ufsitalia.com\/es\/wp-json\/wp\/v2\/media?parent=2050"}],"curies":[{"name":"wp","href":"https:\/\/api.w.org\/{rel}","templated":true}]}}